{"id":200,"date":"2012-05-10T05:56:02","date_gmt":"2012-05-10T04:56:02","guid":{"rendered":"http:\/\/www.sknorrell.de\/blog\/?page_id=200"},"modified":"2018-06-12T22:18:32","modified_gmt":"2018-06-12T20:18:32","slug":"dropbox","status":"publish","type":"page","link":"https:\/\/www.sknorrell.de\/blog\/dropbox\/","title":{"rendered":"Dropbox"},"content":{"rendered":"<p>Dropbox ist ein kostenloser Cloudservice der den Neuuser 2GByte an Onlinespeicher bietet.<\/p>\n<p>F\u00fcr jede Weiterempfehlung kann man sich weitere 500MByte sichern bis man die H\u00f6chstgrenze von derzeit 18GByte beim Freiaccount erreicht hat.<\/p>\n<p>M\u00f6chte man mehr Speicher haben, so bietet Dropbox gegen eine Geb\u00fchr auch 50 GByte, 100 GByte und 1 TByte an.<\/p>\n<p>Dropbox kann \u00fcber den Browser genutzt werden.<br \/>\nF\u00fcr Windows, Mac, Linux und Mobilplattformen gibt es aber Software, die bei Dropbox runtergeladen werden kann.<br \/>\nMan kann damit wunderbar Dateien automatisch zwischen Computer und Laptop synchronisieren oder Dateien mit Freunden tauschen. Einfach die Dateien in den entsprechenden Dropbboxordner auf dem Rechner kopieren, schon wird die Datei in den Dropboxspeicher hoch geladen und ist auf allen Rechnern die den gleichen Drobboxaccount nutzen verf\u00fcgbar, auch offline.<\/p>\n<p>Die Dateien sind auf den Dropboxservern verschl\u00fcsselt abgespeichert und nur vom Besitzer bzw. den freigegebenen Mitbenutzern abrufbar.<br \/>\nFreigaben k\u00f6nnen f\u00fcr jeden Ordner eingerichtet werden.<\/p>\n<p>Sei so nett und nutze folgenden Link zum Anlegen eines Dropboxkontos, danke.<\/p>\n<p><a title=\"Dropbox\" href=\"http:\/\/db.tt\/7eZUh7w\">Anmelden bei Dropbox<\/a> Die Anmeldung ist kostenlos.<\/p>\n<p>&nbsp;<\/p>\n<p>Dropbox is a free Cloudservice. New user will get 2GByte of onlinememory.<\/p>\n<p>For every referral the cloudmemory go up with 500 MByte until you have 18GByte, the current limit for a freeaccount.<\/p>\n<p>If you want more memory, you can change to a payable account about 50 GByte, 100 GByte or 1 TByte.<\/p>\n<p>Dropbox can be use with a browser.<br \/>\nSoftware exists for Windows, Mac, Linux and Mobildevices. They can download on the Dropbox-Website.<\/p>\n<p>You can swap file with you friends or between different computer, e.g. PC or Laptop.<br \/>\nPut a file in a dropboxfolder on you PC and dropbox upload the file to your account and is avialbe on all devices they have the same dropboxaccount.<\/p>\n<p>The files are crypted on the Dropboxservern and only the owner can be read the files.<br \/>\nApprovals can be make for every folder.<\/p>\n<p>Be so kind an click the follow link to make a Dropboxaccount, thank you.<\/p>\n<p><a title=\"Dropbox\" href=\"http:\/\/db.tt\/7eZUh7w\">Make a Dropboxaccount<\/a> The registration is free.<\/p>\n","protected":false},"excerpt":{"rendered":"<p>Dropbox ist ein kostenloser Cloudservice der den Neuuser 2GByte an Onlinespeicher bietet. F\u00fcr jede Weiterempfehlung kann man sich weitere 500MByte sichern bis man die H\u00f6chstgrenze von derzeit 18GByte beim Freiaccount erreicht hat. M\u00f6chte man mehr Speicher haben, so bietet Dropbox gegen eine Geb\u00fchr auch 50 GByte, 100 GByte und 1 TByte an. Dropbox kann \u00fcber [&hellip;]<\/p>\n","protected":false},"author":1,"featured_media":0,"parent":0,"menu_order":0,"comment_status":"closed","ping_status":"open","template":"","meta":{"footnotes":""},"class_list":["post-200","page","type-page","status-publish","hentry"],"_links":{"self":[{"href":"https:\/\/www.sknorrell.de\/blog\/wp-json\/wp\/v2\/pages\/200","targetHints":{"allow":["GET"]}}],"collection":[{"href":"https:\/\/www.sknorrell.de\/blog\/wp-json\/wp\/v2\/pages"}],"about":[{"href":"https:\/\/www.sknorrell.de\/blog\/wp-json\/wp\/v2\/types\/page"}],"author":[{"embeddable":true,"href":"https:\/\/www.sknorrell.de\/blog\/wp-json\/wp\/v2\/users\/1"}],"replies":[{"embeddable":true,"href":"https:\/\/www.sknorrell.de\/blog\/wp-json\/wp\/v2\/comments?post=200"}],"version-history":[{"count":0,"href":"https:\/\/www.sknorrell.de\/blog\/wp-json\/wp\/v2\/pages\/200\/revisions"}],"wp:attachment":[{"href":"https:\/\/www.sknorrell.de\/blog\/wp-json\/wp\/v2\/media?parent=200"}],"curies":[{"name":"wp","href":"https:\/\/api.w.org\/{rel}","templated":true}]}}